{"id":409,"date":"2020-02-23T10:41:46","date_gmt":"2020-02-23T09:41:46","guid":{"rendered":"http:\/\/redstoneduke.fr\/?page_id=409"},"modified":"2020-03-02T18:58:31","modified_gmt":"2020-03-02T17:58:31","slug":"lheritage-nakamura","status":"publish","type":"page","link":"https:\/\/redstoneduke.fr\/index.php\/lheritage-nakamura\/","title":{"rendered":"RSD 4 \/ L&rsquo;h\u00e9ritage Nakamura"},"content":{"rendered":"<p style=\"text-align: center;\"><span style=\"font-size: 18pt;\">D. F. Von THORFELD<\/span><\/p>\n<p style=\"text-align: center;\"><span style=\"font-size: 36pt;\"><strong>REDSTONE DUKE<\/strong><\/span><\/p>\n<p style=\"text-align: center;\"><strong><span style=\"font-size: 18pt;\">L&rsquo;h\u00e9ritage Nakamura<\/span><br \/>\n<\/strong><\/p>\n<p>&nbsp;<\/p>\n<p style=\"text-align: justify;\">L&rsquo;histoire racont\u00e9 dans ce quatri\u00e8me tome commence en Louisiane, \u00e0 La Nouvelle Orl\u00e9ans, pour ensuite se d\u00e9placer dans les cara\u00efbes, puis quelque part en atlantique nord. Un passage en Europe, puis quelque part en Australie, pour finir par un retour sur Redstone Duke.<\/p>\n","protected":false},"excerpt":{"rendered":"<p>D. F. Von THORFELD REDSTONE DUKE L&rsquo;h\u00e9ritage Nakamura &nbsp; L&rsquo;histoire racont\u00e9 dans ce quatri\u00e8me tome commence en Louisiane, \u00e0 La Nouvelle Orl\u00e9ans, pour ensuite se d\u00e9placer dans les cara\u00efbes, puis [&hellip;]<\/p>\n","protected":false},"author":2,"featured_media":0,"parent":0,"menu_order":0,"comment_status":"closed","ping_status":"closed","template":"","meta":[],"_links":{"self":[{"href":"https:\/\/redstoneduke.fr\/index.php\/wp-json\/wp\/v2\/pages\/409"}],"collection":[{"href":"https:\/\/redstoneduke.fr\/index.php\/wp-json\/wp\/v2\/pages"}],"about":[{"href":"https:\/\/redstoneduke.fr\/index.php\/wp-json\/wp\/v2\/types\/page"}],"author":[{"embeddable":true,"href":"https:\/\/redstoneduke.fr\/index.php\/wp-json\/wp\/v2\/users\/2"}],"replies":[{"embeddable":true,"href":"https:\/\/redstoneduke.fr\/index.php\/wp-json\/wp\/v2\/comments?post=409"}],"version-history":[{"count":4,"href":"https:\/\/redstoneduke.fr\/index.php\/wp-json\/wp\/v2\/pages\/409\/revisions"}],"predecessor-version":[{"id":544,"href":"https:\/\/redstoneduke.fr\/index.php\/wp-json\/wp\/v2\/pages\/409\/revisions\/544"}],"wp:attachment":[{"href":"https:\/\/redstoneduke.fr\/index.php\/wp-json\/wp\/v2\/media?parent=409"}],"curies":[{"name":"wp","href":"https:\/\/api.w.org\/{rel}","templated":true}]}}