{"id":407,"date":"2020-02-23T10:41:23","date_gmt":"2020-02-23T09:41:23","guid":{"rendered":"http:\/\/redstoneduke.fr\/?page_id=407"},"modified":"2020-03-02T18:57:44","modified_gmt":"2020-03-02T17:57:44","slug":"lheritage-spacel","status":"publish","type":"page","link":"https:\/\/redstoneduke.fr\/index.php\/lheritage-spacel\/","title":{"rendered":"RSD 3 \/ L&rsquo;h\u00e9ritage Spacel"},"content":{"rendered":"<p style=\"text-align: center;\"><span style=\"font-size: 18pt;\">D. F. Von THORFELD<\/span><\/p>\n<p style=\"text-align: center;\"><span style=\"font-size: 36pt;\"><strong>REDSTONE DUKE<\/strong><\/span><\/p>\n<p style=\"text-align: center;\"><strong><span style=\"font-size: 18pt;\">L&rsquo;h\u00e9ritage Spacel<\/span><br \/>\n<\/strong><\/p>\n<p>&nbsp;<\/p>\n<p style=\"text-align: justify;\">L&rsquo;histoire racont\u00e9 dans ce troisi\u00e8me tome commence \u00e0 Chicago, pour ensuite se d\u00e9placer \u00e0 travers le continent nord am\u00e9ricain, particuli\u00e8rement sur la ville d&rsquo;Austin au Texas, puis \u00e0 Las Vegas dans le Nevada, pour finir quelque part en Californie.<\/p>\n","protected":false},"excerpt":{"rendered":"<p>D. F. Von THORFELD REDSTONE DUKE L&rsquo;h\u00e9ritage Spacel &nbsp; L&rsquo;histoire racont\u00e9 dans ce troisi\u00e8me tome commence \u00e0 Chicago, pour ensuite se d\u00e9placer \u00e0 travers le continent nord am\u00e9ricain, particuli\u00e8rement sur [&hellip;]<\/p>\n","protected":false},"author":2,"featured_media":0,"parent":0,"menu_order":0,"comment_status":"closed","ping_status":"closed","template":"","meta":[],"_links":{"self":[{"href":"https:\/\/redstoneduke.fr\/index.php\/wp-json\/wp\/v2\/pages\/407"}],"collection":[{"href":"https:\/\/redstoneduke.fr\/index.php\/wp-json\/wp\/v2\/pages"}],"about":[{"href":"https:\/\/redstoneduke.fr\/index.php\/wp-json\/wp\/v2\/types\/page"}],"author":[{"embeddable":true,"href":"https:\/\/redstoneduke.fr\/index.php\/wp-json\/wp\/v2\/users\/2"}],"replies":[{"embeddable":true,"href":"https:\/\/redstoneduke.fr\/index.php\/wp-json\/wp\/v2\/comments?post=407"}],"version-history":[{"count":5,"href":"https:\/\/redstoneduke.fr\/index.php\/wp-json\/wp\/v2\/pages\/407\/revisions"}],"predecessor-version":[{"id":543,"href":"https:\/\/redstoneduke.fr\/index.php\/wp-json\/wp\/v2\/pages\/407\/revisions\/543"}],"wp:attachment":[{"href":"https:\/\/redstoneduke.fr\/index.php\/wp-json\/wp\/v2\/media?parent=407"}],"curies":[{"name":"wp","href":"https:\/\/api.w.org\/{rel}","templated":true}]}}